{"id":359,"date":"2016-11-17T10:11:25","date_gmt":"2016-11-17T09:11:25","guid":{"rendered":"https:\/\/www.biogalenys.com\/certifications"},"modified":"2020-01-28T18:18:51","modified_gmt":"2020-01-28T17:18:51","slug":"certification","status":"publish","type":"page","link":"https:\/\/www.biogalenys.com\/en\/biogalenys\/certification","title":{"rendered":"Certification"},"content":{"rendered":"<div id=\"themify_builder_content-359\" data-postid=\"359\" class=\"themify_builder_content themify_builder_content-359 themify_builder\">\n    \t<!-- module_row -->\n\t<div  class=\"themify_builder_row module_row clearfix module_row_0 themify_builder_359_row module_row_359-0 tb_br83563\">\n\t    \t    <div class=\"row_inner col_align_top\" >\n\t\t\t<div  class=\"module_column tb-column col-full   first tb_359_column module_column_0 module_column_359-0-0 tb_mjdi637\">\n\t    \t    \t        <div class=\"tb-column-inner\">\n\t\t    <!-- module text -->\n<div  class=\"module module-text tb_hhbc232    \">\n            <div  class=\"tb_text_wrap\">\n    <h1>BIOGALENYS &#8211;\u00a0CERTIFICATION<\/h1>    <\/div>\n<\/div>\n<!-- \/module text -->\n<!-- module text -->\n<div  class=\"module module-text tb_4wuq880    \">\n            <div  class=\"tb_text_wrap\">\n    <h2>ISO 22716<\/h2><p>Regulation 1223\/2009 (EC) relating to cosmetic products sets out the regulations that all cosmetic products placed on the market must meet in order to guarantee a high level of protection for human health.<\/p><p>All cosmetic products within the European market must be manufactured in compliance with the Good Manufacturing Practices for cosmetic products, set out in ISO 22716.\u00a0<\/p><p>With its ISO 22716 certification, Biogalenys is able to guarantee the quality of its analyses and regulatory compliance of you cosmetic products testing.<\/p><p>\u00a0<\/p><h2>ISO 9001-2008 (transition to 9001-2015)<\/h2><p>ISO 9001 is an international standard that sets out the requirements of a quality management system in order to increase customer satisfaction and with the aim of improving our company\u2019s operation.\u00a0<\/p>    <\/div>\n<\/div>\n<!-- \/module text -->\n\t        <\/div>\n\t    \t<\/div>\n\t\t    <\/div>\n\t    <!-- \/row_inner -->\n\t<\/div>\n\t<!-- \/module_row -->\n\t\t<!-- module_row -->\n\t<div   class=\"themify_builder_row module_row clearfix blocImagesCertifications fullwidth_row_container module_row_1 themify_builder_359_row module_row_359-1 tb_3y4t500\">\n\t    \t    <div class=\"row_inner col_align_top\" >\n\t\t\t<div  class=\"module_column tb-column col-full   first tb_359_column module_column_0 module_column_359-1-0 tb_0owj000\">\n\t    \t    \t        <div class=\"tb-column-inner\">\n\t\t    \t<div  class=\"themify_builder_sub_row module_subrow clearfix sub_row_1-0-0 tb_ecyu007\">\n\t    \t    <div class=\"subrow_inner col_align_top\" >\n\t\t\t<div  class=\"sub_column module_column col3-1  first sub_column_post_359 sub_column_1-0-0-0 tb_tfz2003\"> \n\t    \t    \t        <div class=\"tb-column-inner\">\n\t\t        <!-- module image -->\n    <div  class=\"module module-image tb_tnqm301   image-top  \">\n\t                <div class=\"image-wrap\">\n                            <img loading=\"lazy\" decoding=\"async\" width=\"992\" height=\"1403\" src=\"https:\/\/www.biogalenys.com\/wp-content\/uploads\/2017\/03\/cr\u00e9dit-imp\u00f4t-recherche-2017-\u00e0-2021.gif\" class=\" wp-post-image wp-image-1209\" alt=\"cr\u00e9dit-imp\u00f4t-recherche-2017-\u00e0-2021\" \/>            \n                        <\/div>\n            <!-- \/image-wrap -->\n        \n        \n        <\/div>\n    <!-- \/module image -->\n\t        <\/div>\n\t    \t<\/div>\n\t\t<div  class=\"sub_column module_column col3-1 middle sub_column_post_359 sub_column_1-0-0-1 tb_8fcz665\"> \n\t    \t    \t        <div class=\"tb-column-inner\">\n\t\t        <!-- module image -->\n    <div  class=\"module module-image tb_eu46526   image-top  \">\n\t                <div class=\"image-wrap\">\n                            <img loading=\"lazy\" decoding=\"async\" width=\"992\" height=\"1403\" src=\"https:\/\/www.biogalenys.com\/wp-content\/uploads\/2017\/03\/certificat-ISO9001-Biogalenys-d\u00e9cembre-2016.gif\" class=\" wp-post-image wp-image-1207\" alt=\"certificat-ISO9001-Biogalenys-d\u00e9cembre-2016\" \/>            \n                        <\/div>\n            <!-- \/image-wrap -->\n        \n        \n        <\/div>\n    <!-- \/module image -->\n\t        <\/div>\n\t    \t<\/div>\n\t\t<div  class=\"sub_column module_column col3-1  last sub_column_post_359 sub_column_1-0-0-2 tb_zqqo363\"> \n\t    \t    \t        <div class=\"tb-column-inner\">\n\t\t        <!-- module image -->\n    <div  class=\"module module-image tb_r8od337   image-top  \">\n\t                <div class=\"image-wrap\">\n                            <img loading=\"lazy\" decoding=\"async\" width=\"992\" height=\"1403\" src=\"https:\/\/www.biogalenys.com\/wp-content\/uploads\/2017\/03\/certificat-BPF-ISO-22716-Biogalenys-d\u00e9cembre-2016.gif\" class=\" wp-post-image wp-image-1203\" alt=\"certificat-BPF-ISO-22716-Biogalenys-d\u00e9cembre-2016\" \/>            \n                        <\/div>\n            <!-- \/image-wrap -->\n        \n        \n        <\/div>\n    <!-- \/module image -->\n\t        <\/div>\n\t    \t<\/div>\n\t\t    <\/div>\n\t<\/div><!-- \/themify_builder_sub_row -->\n\t\t        <\/div>\n\t    \t<\/div>\n\t\t    <\/div>\n\t    <!-- \/row_inner -->\n\t<\/div>\n\t<!-- \/module_row -->\n\t<\/div>\n\n\n","protected":false},"excerpt":{"rendered":"<p>BIOGALENYS &#8211;\u00a0CERTIFICATION ISO 22716 Regulation 1223\/2009 (EC) relating to cosmetic products sets out the regulations that all cosmetic products placed on the market must meet in order to guarantee a high level of protection for human health. All cosmetic products within the European market must be manufactured in compliance with the Good Manufacturing Practices for [&hellip;]<\/p>\n","protected":false},"author":1,"featured_media":0,"parent":426,"menu_order":0,"comment_status":"closed","ping_status":"closed","template":"","meta":{"inline_featured_image":false,"footnotes":"","_links_to":"","_links_to_target":""},"class_list":["post-359","page","type-page","status-publish","hentry","has-post-title","has-post-date","has-post-category","has-post-tag","has-post-comment","has-post-author",""],"_links":{"self":[{"href":"https:\/\/www.biogalenys.com\/en\/wp-json\/wp\/v2\/pages\/359","targetHints":{"allow":["GET"]}}],"collection":[{"href":"https:\/\/www.biogalenys.com\/en\/wp-json\/wp\/v2\/pages"}],"about":[{"href":"https:\/\/www.biogalenys.com\/en\/wp-json\/wp\/v2\/types\/page"}],"author":[{"embeddable":true,"href":"https:\/\/www.biogalenys.com\/en\/wp-json\/wp\/v2\/users\/1"}],"replies":[{"embeddable":true,"href":"https:\/\/www.biogalenys.com\/en\/wp-json\/wp\/v2\/comments?post=359"}],"version-history":[{"count":0,"href":"https:\/\/www.biogalenys.com\/en\/wp-json\/wp\/v2\/pages\/359\/revisions"}],"up":[{"embeddable":true,"href":"https:\/\/www.biogalenys.com\/en\/wp-json\/wp\/v2\/pages\/426"}],"wp:attachment":[{"href":"https:\/\/www.biogalenys.com\/en\/wp-json\/wp\/v2\/media?parent=359"}],"curies":[{"name":"wp","href":"https:\/\/api.w.org\/{rel}","templated":true}]}}